{"id":247,"date":"2025-07-23T08:24:31","date_gmt":"2025-07-23T08:24:31","guid":{"rendered":"https:\/\/sdblb.org\/about-us\/"},"modified":"2026-01-03T13:18:18","modified_gmt":"2026-01-03T11:18:18","slug":"mission-et-vision","status":"publish","type":"page","link":"https:\/\/sdblb.org\/ar\/mission-et-vision\/","title":{"rendered":"\u0627\u0644\u0631\u0624\u064a\u0629 \u0648\u0627\u0644\u0631\u0633\u0627\u0644\u0629"},"content":{"rendered":"<div class=\"wp-block-uagb-container uagb-block-111535c7 alignfull uagb-is-root-container\"><div class=\"uagb-container-inner-blocks-wrap\">\n<div class=\"wp-block-uagb-advanced-heading uagb-block-6fb69a7a\"><h1 class=\"uagb-heading-text\">\u0627\u0644\u0631\u0624\u064a\u0629 \u0648\u0627\u0644\u0631\u0633\u0627\u0644\u0629<\/h1><p class=\"uagb-desc-text\">\u062a\u064f\u062f\u0627\u0631 \u0627\u0644\u0646\u0642\u0627\u0628\u0629 \u0645\u0646 \u0642\u0628\u0644 \u0645\u0643\u062a\u0628 \u062a\u0646\u0641\u064a\u0630\u064a \u0645\u062a\u0641\u0627\u0646\u064d\u060c \u064a\u062a\u0623\u0644\u0641 \u0645\u0646 \u0627\u062e\u062a\u0635\u0627\u0635\u064a\u064a\u0646 \u0630\u0648\u064a \u062e\u0628\u0631\u0629 \u0648\u0634\u063a\u0641\u060c \u0645\u0644\u062a\u0632\u0645\u064a\u0646 \u0628\u062a\u062d\u0642\u064a\u0642 \u0631\u0633\u0627\u0644\u0629 \u0627\u0644\u0646\u0642\u0627\u0628\u0629. \u064a\u0639\u0645\u0644 \u0647\u0630\u0627 \u0627\u0644\u0641\u0631\u064a\u0642 \u0627\u0644\u0643\u0641\u0648\u0621\u060c \u0648\u0627\u0644\u0645\u0646\u062f\u0641\u0639\u060c \u0648\u0627\u0644\u062d\u0645\u0627\u0633\u064a \u0628\u062c\u062f\u064d\u0651 \u0644\u0628\u0646\u0627\u0621 \u0642\u0637\u0627\u0639 \u0628\u064a\u0648\u0644\u0648\u062c\u064a\u0627 \u0637\u0628\u064a\u0629 \u0642\u0648\u064a\u060c \u062a\u0639\u0627\u0648\u0646\u064a\u060c \u0648\u0645\u0633\u062a\u0634\u0631\u0641 \u0644\u0644\u0645\u0633\u062a\u0642\u0628\u0644 \u0641\u064a \u0644\u0628\u0646\u0627\u0646.<\/p><\/div>\n<\/div><\/div>\n\n\n\n<div class=\"wp-block-uagb-container uagb-block-a732b12a alignfull uagb-is-root-container\"><div class=\"uagb-container-inner-blocks-wrap\">\n<div class=\"wp-block-uagb-container uagb-block-1bfeddd9\">\n<div class=\"wp-block-uagb-advanced-heading uagb-block-3f549f7d\"><h2 class=\"uagb-heading-text\">\u0631\u0633\u0627\u0644\u062a\u0646\u0627<\/h2><p class=\"uagb-desc-text\">\u062a\u062a\u0645\u062b\u0644 \u0631\u0633\u0627\u0644\u0629 \u0646\u0642\u0627\u0628\u0629 \u0627\u062e\u062a\u0635\u0627\u0635\u064a\u064a \u0627\u0644\u0645\u062e\u062a\u0628\u0631\u0627\u062a \u0627\u0644\u0637\u0628\u064a\u0629 \u0641\u064a \u0644\u0628\u0646\u0627\u0646 (SDBL) \u0641\u064a \u0627\u0644\u062f\u0641\u0627\u0639 \u0639\u0646 \u0627\u0644\u062d\u0642\u0648\u0642 \u0627\u0644\u0645\u0647\u0646\u064a\u0629 \u0648\u0627\u0644\u0639\u0644\u0645\u064a\u0629 \u0648\u0627\u0644\u0623\u062e\u0644\u0627\u0642\u064a\u0629 \u0644\u0644\u0627\u062e\u062a\u0635\u0627\u0635\u064a\u064a\u0646 \u0627\u0644\u0644\u0628\u0646\u0627\u0646\u064a\u064a\u0646\u060c \u0645\u0639 \u062a\u0639\u0632\u064a\u0632 \u0627\u0644\u062a\u0645\u064a\u0651\u0632 \u0648\u0627\u0644\u062f\u0642\u0629 \u0641\u064a \u0645\u062c\u0627\u0644 \u0627\u0644\u0628\u064a\u0648\u0644\u0648\u062c\u064a\u0627 \u0627\u0644\u0637\u0628\u064a\u0629.<\/p><\/div>\n\n\n\n<div class=\"wp-block-uagb-advanced-heading uagb-block-1d952c94\"><p class=\"uagb-heading-text\">\u0627\u0644\u062a\u0632\u0627\u0645\u0627\u062a\u0646\u0627 \u0627\u0644\u0645\u0644\u0645\u0648\u0633\u0629:<br><br>\u2022 \u062a\u0645\u062b\u064a\u0644 \u0627\u062e\u062a\u0635\u0627\u0635\u064a\u064a \u0627\u0644\u0645\u062e\u062a\u0628\u0631\u0627\u062a \u0627\u0644\u0637\u0628\u064a\u0629 \u0644\u062f\u0649 \u0627\u0644\u0633\u0644\u0637\u0627\u062a \u0627\u0644\u0635\u062d\u064a\u0629 \u0648\u0627\u0644\u062a\u0634\u0631\u064a\u0639\u064a\u0629 \u0648\u0627\u0644\u0625\u062f\u0627\u0631\u064a\u0629.<br>\u2022 \u062a\u0639\u0632\u064a\u0632 \u0627\u0644\u062c\u0648\u062f\u0629 \u0648\u0627\u0644\u0623\u062e\u0644\u0627\u0642 \u0648\u0627\u0644\u0627\u0628\u062a\u0643\u0627\u0631 \u0641\u064a \u0627\u0644\u0645\u0645\u0627\u0631\u0633\u0629 \u0627\u0644\u0645\u062e\u0628\u0631\u064a\u0629.<br>\u2022 \u062a\u0637\u0648\u064a\u0631 \u0628\u0631\u0627\u0645\u062c \u0627\u0644\u062a\u0639\u0644\u064a\u0645 \u0627\u0644\u0645\u0633\u062a\u0645\u0631 \u0644\u0636\u0645\u0627\u0646 \u0627\u0644\u062d\u0641\u0627\u0638 \u0639\u0644\u0649 \u0643\u0641\u0627\u0621\u0627\u062a \u062a\u062a\u0645\u0627\u0634\u0649 \u0645\u0639 \u0623\u062d\u062f\u062b \u0627\u0644\u062a\u0637\u0648\u0631\u0627\u062a.<br>\u2022 \u062a\u0639\u0632\u064a\u0632 \u0627\u0644\u062a\u0636\u0627\u0645\u0646 \u0628\u064a\u0646 \u0627\u062e\u062a\u0635\u0627\u0635\u064a\u064a \u0627\u0644\u0645\u062e\u062a\u0628\u0631\u0627\u062a \u0641\u064a \u0627\u0644\u0642\u0637\u0627\u0639\u064a\u0646 \u0627\u0644\u0639\u0627\u0645 \u0648\u0627\u0644\u062e\u0627\u0635.<br>\u2022 \u062a\u0634\u062c\u064a\u0639 \u0627\u0644\u062a\u0639\u0627\u0648\u0646 \u0627\u0644\u0639\u0644\u0645\u064a \u0639\u0644\u0649 \u0627\u0644\u0645\u0633\u062a\u0648\u064a\u0627\u062a \u0627\u0644\u0648\u0637\u0646\u064a\u0629 \u0648\u0627\u0644\u0625\u0642\u0644\u064a\u0645\u064a\u0629 \u0648\u0627\u0644\u062f\u0648\u0644\u064a\u0629.<\/p><\/div>\n\n\n\n<div class=\"wp-block-uagb-advanced-heading uagb-block-2a9a46f8\"><h2 class=\"uagb-heading-text\">\u0631\u0624\u064a\u062a\u0646\u0627<\/h2><p class=\"uagb-desc-text\">\u0646\u0637\u0645\u062d \u0625\u0644\u0649 \u0645\u0633\u062a\u0642\u0628\u0644 \u064a\u064f\u0639\u062a\u0631\u0641 \u0641\u064a\u0647 \u0628\u0627\u062e\u062a\u0635\u0627\u0635\u064a \u0627\u0644\u0645\u062e\u062a\u0628\u0631\u0627\u062a \u0627\u0644\u0637\u0628\u064a\u0629 \u0627\u0644\u0644\u0628\u0646\u0627\u0646\u064a \u0643\u0634\u0631\u064a\u0643 \u0623\u0633\u0627\u0633\u064a \u0644\u0627 \u063a\u0646\u0649 \u0639\u0646\u0647 \u0641\u064a \u0639\u0645\u0644\u064a\u0627\u062a \u0627\u0644\u062a\u0634\u062e\u064a\u0635 \u0648\u0627\u0644\u0648\u0642\u0627\u064a\u0629 \u0648\u0627\u0644\u0645\u062a\u0627\u0628\u0639\u0629 \u0627\u0644\u0639\u0644\u0627\u062c\u064a\u0629.<\/p><\/div>\n\n\n\n<div class=\"wp-block-uagb-advanced-heading uagb-block-0e1d0e08\"><p class=\"uagb-heading-text\">\u064a\u062a\u0645\u062b\u0644 \u0637\u0645\u0648\u062d\u0646\u0627 \u0641\u064a:<br><br>\u2022 \u0627\u0644\u062f\u0645\u062c \u0627\u0644\u0643\u0627\u0645\u0644 \u0644\u0644\u0628\u064a\u0648\u0644\u0648\u062c\u064a\u0627 \u0627\u0644\u0637\u0628\u064a\u0629 \u0641\u064a \u0627\u0644\u0633\u064a\u0627\u0633\u0627\u062a \u0627\u0644\u0635\u062d\u064a\u0629 \u0627\u0644\u0648\u0637\u0646\u064a\u0629.<br>\u2022 \u062c\u0639\u0644 \u0646\u0642\u0627\u0628\u0629 \u0627\u062e\u062a\u0635\u0627\u0635\u064a\u064a \u0627\u0644\u0645\u062e\u062a\u0628\u0631\u0627\u062a \u0627\u0644\u0637\u0628\u064a\u0629 \u0641\u064a \u0644\u0628\u0646\u0627\u0646 (SDBL) \u0635\u0644\u0629 \u0648\u0635\u0644 \u0628\u064a\u0646 \u0644\u0628\u0646\u0627\u0646 \u0648\u0627\u0644\u0645\u0624\u0633\u0633\u0627\u062a \u0627\u0644\u0639\u0644\u0645\u064a\u0629 \u0627\u0644\u0639\u0631\u0628\u064a\u0629 \u0648\u0627\u0644\u0641\u0631\u0646\u0643\u0648\u0641\u0648\u0646\u064a\u0629.<br>\u2022 \u0625\u0639\u062f\u0627\u062f \u062c\u064a\u0644 \u0645\u0646 \u0627\u062e\u062a\u0635\u0627\u0635\u064a\u064a \u0627\u0644\u0645\u062e\u062a\u0628\u0631\u0627\u062a \u0627\u0644\u0634\u0628\u0627\u0628\u060c \u064a\u062a\u0633\u0645\u0648\u0646 \u0628\u0627\u0644\u0643\u0641\u0627\u0621\u0629 \u0648\u0627\u0644\u0627\u0644\u062a\u0632\u0627\u0645 \u0648\u0627\u0644\u0627\u0646\u0641\u062a\u0627\u062d \u0639\u0644\u0649 \u0627\u0644\u0639\u0627\u0644\u0645.<br>\u2022 \u062a\u0639\u0632\u064a\u0632 \u0645\u0631\u0648\u0646\u0629 \u0642\u0637\u0627\u0639 \u0627\u0644\u0628\u064a\u0648\u0644\u0648\u062c\u064a\u0627 \u0627\u0644\u0637\u0628\u064a\u0629 \u0641\u064a \u0645\u0648\u0627\u062c\u0647\u0629 \u0627\u0644\u0623\u0632\u0645\u0627\u062a \u0627\u0644\u0645\u062a\u0639\u062f\u062f\u0629 \u0627\u0644\u062a\u064a \u062a\u0645\u0631 \u0628\u0647\u0627 \u0627\u0644\u0628\u0644\u0627\u062f.<\/p><\/div>\n<\/div>\n\n\n\n<div class=\"wp-block-uagb-container uag-blocks-common-selector uagb-block-877d4a49\">\n<div class=\"wp-block-uagb-image uagb-block-0da8865e wp-block-uagb-image--layout-default wp-block-uagb-image--effect-static wp-block-uagb-image--align-none\"><figure class=\"wp-block-uagb-image__figure\"><img decoding=\"async\" srcset=\"https:\/\/sdblb.org\/wp-content\/uploads\/2025\/07\/about-us1.jpg ,https:\/\/sdblb.org\/wp-content\/uploads\/2025\/07\/about-us1.jpg 780w, https:\/\/sdblb.org\/wp-content\/uploads\/2025\/07\/about-us1.jpg 360w\" sizes=\"auto, (max-width: 480px) 150px\" src=\"https:\/\/sdblb.org\/wp-content\/uploads\/2025\/07\/about-us1.jpg\" alt=\"About Us1\" class=\"uag-image-2017\" width=\"2048\" height=\"2048\" title=\"\u0627\u0644\u0631\u0624\u064a\u0629 \u0648\u0627\u0644\u0631\u0633\u0627\u0644\u0629\" loading=\"lazy\" role=\"img\"><\/figure><\/div>\n\n\n\n<div class=\"wp-block-uagb-image alignleft uagb-block-15f63fb7 wp-block-uagb-image--layout-default wp-block-uagb-image--effect-static wp-block-uagb-image--align-left\"><figure class=\"wp-block-uagb-image__figure\"><img decoding=\"async\" srcset=\"https:\/\/sdblb.org\/wp-content\/uploads\/2020\/08\/diagnostic-lab-case-gallery-4.jpg ,https:\/\/sdblb.org\/wp-content\/uploads\/2020\/08\/diagnostic-lab-case-gallery-4.jpg 780w, https:\/\/sdblb.org\/wp-content\/uploads\/2020\/08\/diagnostic-lab-case-gallery-4.jpg 360w\" sizes=\"auto, (max-width: 480px) 150px\" src=\"https:\/\/sdblb.org\/wp-content\/uploads\/2020\/08\/diagnostic-lab-case-gallery-4.jpg\" alt=\"Diagnostic Lab Case Gallery 4\" class=\"uag-image-73\" width=\"384\" height=\"256\" title=\"diagnostic-lab-case-gallery-4\" loading=\"lazy\" role=\"img\"><\/figure><\/div>\n<\/div>\n<\/div><\/div>\n\n\n\n<div class=\"wp-block-uagb-container uagb-block-00a47790 alignfull uagb-is-root-container\"><div class=\"uagb-container-inner-blocks-wrap\">\n<div class=\"wp-block-uagb-container uag-blocks-common-selector uagb-block-aedf1fbe\">\n<div class=\"wp-block-uagb-image uagb-block-bc081ba6 wp-block-uagb-image--layout-default wp-block-uagb-image--effect-static wp-block-uagb-image--align-none\"><figure class=\"wp-block-uagb-image__figure\"><img decoding=\"async\" srcset=\"https:\/\/sdblb.org\/wp-content\/uploads\/2025\/07\/syndic-23.jpg ,https:\/\/sdblb.org\/wp-content\/uploads\/2025\/07\/syndic-23.jpg 780w, https:\/\/sdblb.org\/wp-content\/uploads\/2025\/07\/syndic-23.jpg 360w\" sizes=\"auto, (max-width: 480px) 150px\" src=\"https:\/\/sdblb.org\/wp-content\/uploads\/2025\/07\/syndic-23.jpg\" alt=\"Syndic 23\" class=\"uag-image-2065\" width=\"1792\" height=\"2560\" title=\"\u0627\u0644\u0631\u0624\u064a\u0629 \u0648\u0627\u0644\u0631\u0633\u0627\u0644\u0629\" loading=\"lazy\" role=\"img\"><\/figure><\/div>\n\n\n\n<div class=\"wp-block-uagb-image alignright uagb-block-c8c0773d wp-block-uagb-image--layout-default wp-block-uagb-image--effect-static wp-block-uagb-image--align-right\"><figure class=\"wp-block-uagb-image__figure\"><img decoding=\"async\" srcset=\"https:\/\/sdblb.org\/wp-content\/uploads\/2020\/08\/pathologycam-testing.jpg ,https:\/\/sdblb.org\/wp-content\/uploads\/2020\/08\/pathologycam-testing.jpg 780w, https:\/\/sdblb.org\/wp-content\/uploads\/2020\/08\/pathologycam-testing.jpg 360w\" sizes=\"auto, (max-width: 480px) 150px\" src=\"https:\/\/sdblb.org\/wp-content\/uploads\/2020\/08\/pathologycam-testing.jpg\" alt=\"pathologycam testing\" class=\"uag-image-56\" width=\"384\" height=\"256\" title=\"pathologycam testing\" loading=\"lazy\" role=\"img\"\/><\/figure><\/div>\n<\/div>\n\n\n\n<div class=\"wp-block-uagb-container uagb-block-3568549b\">\n<div class=\"wp-block-uagb-advanced-heading uagb-block-9df57e2c\"><h2 class=\"uagb-heading-text\">\u0623\u0647\u062f\u0627\u0641\u0646\u0627 \u0627\u0644\u0627\u0633\u062a\u0631\u0627\u062a\u064a\u062c\u064a\u0629<\/h2><\/div>\n\n\n\n<div class=\"wp-block-uagb-advanced-heading uagb-block-d5acda82\"><p class=\"uagb-heading-text\">\u2022 \u0632\u064a\u0627\u062f\u0629 \u0639\u062f\u062f \u0627\u0644\u0645\u0646\u062a\u0633\u0628\u064a\u0646 \u0648\u062a\u0639\u0632\u064a\u0632 \u0627\u0644\u0634\u0628\u0643\u0629 \u0627\u0644\u0645\u0647\u0646\u064a\u0629 \u0644\u0646\u0642\u0627\u0628\u0629 \u0627\u062e\u062a\u0635\u0627\u0635\u064a\u064a \u0627\u0644\u0645\u062e\u062a\u0628\u0631\u0627\u062a \u0627\u0644\u0637\u0628\u064a\u0629 \u0641\u064a \u0644\u0628\u0646\u0627\u0646 (SDBL).<br>\u2022 \u062a\u0637\u0648\u064a\u0631 \u0634\u0631\u0627\u0643\u0627\u062a \u0645\u0639 \u0646\u0642\u0627\u0628\u0627\u062a \u0627\u062e\u062a\u0635\u0627\u0635\u064a\u064a \u0627\u0644\u0645\u062e\u062a\u0628\u0631\u0627\u062a \u0648\u0627\u0644\u062c\u0645\u0639\u064a\u0627\u062a \u0627\u0644\u0637\u0628\u064a\u0629 \u0639\u0644\u0649 \u0627\u0644\u0635\u0639\u064a\u062f\u064a\u0646 \u0627\u0644\u0645\u062d\u0644\u064a \u0648\u0627\u0644\u062f\u0648\u0644\u064a.<br>\u2022 \u0625\u0637\u0644\u0627\u0642 \u0628\u0631\u0627\u0645\u062c \u0627\u0644\u062a\u062f\u0631\u064a\u0628 \u0627\u0644\u0645\u0633\u062a\u0645\u0631\u060c \u0645\u0639 \u0625\u0639\u0637\u0627\u0621 \u0627\u0644\u0623\u0648\u0644\u0648\u064a\u0629 \u0644\u0634\u0628\u0627\u0628 \u0627\u0644\u0645\u062a\u062e\u0635\u0635\u064a\u0646 \u0641\u064a \u0627\u0644\u0628\u064a\u0648\u0644\u0648\u062c\u064a\u0627 \u0627\u0644\u0637\u0628\u064a\u0629\u060c \u0633\u0648\u0627\u0621 \u0641\u064a \u0627\u0644\u0645\u0633\u062a\u0634\u0641\u064a\u0627\u062a \u0623\u0648 \u0641\u064a \u0627\u0644\u0642\u0637\u0627\u0639 \u0627\u0644\u062e\u0627\u0635.<br>\u2022 \u0625\u0639\u0644\u0627\u0621 \u0635\u0648\u062a \u0627\u0644\u0645\u0647\u0646\u0629 \u0641\u064a \u0645\u0648\u0627\u062c\u0647\u0629 \u0627\u0644\u062a\u062d\u062f\u064a\u0627\u062a \u0627\u0644\u0625\u062f\u0627\u0631\u064a\u0629 \u0648\u0627\u0644\u062a\u0634\u0631\u064a\u0639\u064a\u0629 \u0648\u0627\u0644\u0627\u0642\u062a\u0635\u0627\u062f\u064a\u0629\u060c \u0641\u064a \u0644\u0628\u0646\u0627\u0646 \u0627\u0644\u0630\u064a \u064a\u0631\u0632\u062d \u062a\u062d\u062a \u0648\u0637\u0623\u0629 \u0627\u0644\u0623\u0632\u0645\u0627\u062a \u0648\u0644\u0643\u0646\u0647 \u064a\u0633\u062a\u0645\u062f \u0642\u0648\u062a\u0647 \u0645\u0646 \u0635\u0645\u0648\u062f \u0634\u0639\u0628\u0647.<\/p><\/div>\n\n\n\n<div class=\"wp-block-uagb-advanced-heading uagb-block-4d5ec8ec\"><h2 class=\"uagb-heading-text\">\u0642\u064a\u0645\u0646\u0627<\/h2><\/div>\n\n\n\n<div class=\"wp-block-uagb-advanced-heading uagb-block-c8bf1ea7\"><p class=\"uagb-heading-text\">\u2022 \u0627\u0644\u0627\u0644\u062a\u0632\u0627\u0645: \u0641\u064a \u062e\u062f\u0645\u0629 \u0623\u0639\u0636\u0627\u0626\u0646\u0627 \u0648\u0646\u0638\u0627\u0645 \u0627\u0644\u0631\u0639\u0627\u064a\u0629 \u0627\u0644\u0635\u062d\u064a\u0629.<br>\u2022 \u0627\u0644\u062a\u0645\u064a\u0632: \u0641\u064a \u0645\u0645\u0627\u0631\u0633\u0627\u062a\u0646\u0627\u060c \u0648\u062a\u062f\u0631\u064a\u0628\u0627\u062a\u0646\u0627\u060c \u0648\u0645\u0639\u0627\u064a\u064a\u0631\u0646\u0627.<br>\u2022 \u0627\u0644\u0646\u0632\u0627\u0647\u0629: \u0641\u064a \u0623\u0641\u0639\u0627\u0644\u0646\u0627 \u0648\u062a\u0645\u062b\u064a\u0644\u0646\u0627 \u0644\u0644\u0645\u0647\u0646\u0629.<br>\u2022 \u0627\u0644\u062a\u0636\u0627\u0645\u0646: \u0628\u064a\u0646 \u0627\u0644\u0645\u062a\u062e\u0635\u0635\u064a\u0646 \u0641\u064a \u0627\u0644\u0628\u064a\u0648\u0644\u0648\u062c\u064a\u0627 \u0627\u0644\u0637\u0628\u064a\u0629\u060c \u0648\u0645\u0639 \u0634\u0631\u0643\u0627\u0626\u0646\u0627.<br>\u2022 \u0627\u0644\u0627\u0628\u062a\u0643\u0627\u0631: \u0644\u0644\u0627\u0633\u062a\u062c\u0627\u0628\u0629 \u0644\u062a\u062d\u062f\u064a\u0627\u062a \u0627\u0644\u0628\u064a\u0648\u0644\u0648\u062c\u064a\u0627 \u0627\u0644\u0637\u0628\u064a\u0629 \u0627\u0644\u062d\u062f\u064a\u062b\u0629.<\/p><\/div>\n\n\n\n<div class=\"wp-block-uagb-advanced-heading uagb-block-d7e8eea3\"><h2 class=\"uagb-heading-text\">\u0627\u0644\u0645\u062c\u0644\u0633 \u0627\u0644\u062a\u0646\u0641\u064a\u0630\u064a<\/h2><\/div>\n\n\n\n<div class=\"wp-block-uagb-advanced-heading uagb-block-7c039560\"><p class=\"uagb-heading-text\">\u064a\u0639\u0645\u0644 \u0645\u0643\u062a\u0628 \u0646\u0642\u0627\u0628\u064a \u0643\u0641\u0624 \u0648\u0645\u0644\u062a\u0632\u0645 \u0648\u0645\u062a\u062d\u0645\u0633 \u0628\u062c\u062f\u064d\u0651 \u0644\u0625\u062a\u0645\u0627\u0645 \u0647\u0630\u0647 \u0627\u0644\u0645\u0647\u0645\u0629 \u0639\u0644\u0649 \u0623\u0643\u0645\u0644 \u0648\u062c\u0647\u060c \u0645\u0639 \u0625\u0631\u0627\u062f\u0629 \u0635\u0644\u0628\u0629 \u0644\u0628\u0646\u0627\u0621 \u0628\u064a\u0648\u0644\u0648\u062c\u064a\u0627 \u0637\u0628\u064a\u0629 \u0642\u0648\u064a\u0629\u060c \u062a\u0634\u0627\u0631\u0643\u064a\u0629\u060c \u0648\u0645\u062a\u0637\u0644\u0639\u0629 \u0646\u062d\u0648 \u0627\u0644\u0645\u0633\u062a\u0642\u0628\u0644.<\/p><\/div>\n<\/div>\n<\/div><\/div>\n\n\n\n<p><\/p>","protected":false},"excerpt":{"rendered":"<p>Mission et Vision Le SBL est dirig\u00e9 par un Bureau Ex\u00e9cutif d\u00e9di\u00e9, compos\u00e9 de biologistes exp\u00e9riment\u00e9s et passionn\u00e9s, engag\u00e9s \u00e0 r\u00e9aliser la mission du Syndicat. Cette \u00e9quipe comp\u00e9tente, impliqu\u00e9e et [&hellip;]<\/p>\n","protected":false},"author":1,"featured_media":0,"parent":0,"menu_order":0,"comment_status":"closed","ping_status":"closed","template":"","meta":{"_uag_custom_page_level_css":"","site-sidebar-layout":"no-sidebar","site-content-layout":"plain-container","ast-site-content-layout":"full-width-container","site-content-style":"unboxed","site-sidebar-style":"unboxed","ast-global-header-display":"","ast-banner-title-visibility":"","ast-main-header-display":"","ast-hfb-above-header-display":"","ast-hfb-below-header-display":"","ast-hfb-mobile-header-display":"","site-post-title":"disabled","ast-breadcrumbs-content":"","ast-featured-img":"disabled","footer-sml-layout":"","ast-disable-related-posts":"","theme-transparent-header-meta":"enabled","adv-header-id-meta":"","stick-header-meta":"","header-above-stick-meta":"","header-main-stick-meta":"","header-below-stick-meta":"","astra-migrate-meta-layouts":"set","ast-page-background-enabled":"default","ast-page-background-meta":{"desktop":{"background-color":"","background-image":"","background-repeat":"repeat","background-position":"center center","background-size":"auto","background-attachment":"scroll","background-type":"","background-media":"","overlay-type":"","overlay-color":"","overlay-opacity":"","overlay-gradient":""},"tablet":{"background-color":"","background-image":"","background-repeat":"repeat","background-position":"center center","background-size":"auto","background-attachment":"scroll","background-type":"","background-media":"","overlay-type":"","overlay-color":"","overlay-opacity":"","overlay-gradient":""},"mobile":{"background-color":"","background-image":"","background-repeat":"repeat","background-position":"center center","background-size":"auto","background-attachment":"scroll","background-type":"","background-media":"","overlay-type":"","overlay-color":"","overlay-opacity":"","overlay-gradient":""}},"ast-content-background-meta":{"desktop":{"background-color":"var(--ast-global-color-5)","background-image":"","background-repeat":"repeat","background-position":"center center","background-size":"auto","background-attachment":"scroll","background-type":"","background-media":"","overlay-type":"","overlay-color":"","overlay-opacity":"","overlay-gradient":""},"tablet":{"background-color":"var(--ast-global-color-5)","background-image":"","background-repeat":"repeat","background-position":"center center","background-size":"auto","background-attachment":"scroll","background-type":"","background-media":"","overlay-type":"","overlay-color":"","overlay-opacity":"","overlay-gradient":""},"mobile":{"background-color":"var(--ast-global-color-5)","background-image":"","background-repeat":"repeat","background-position":"center center","background-size":"auto","background-attachment":"scroll","background-type":"","background-media":"","overlay-type":"","overlay-color":"","overlay-opacity":"","overlay-gradient":""}},"footnotes":""},"class_list":["post-247","page","type-page","status-publish","hentry"],"uagb_featured_image_src":{"full":false,"thumbnail":false,"medium":false,"medium_large":false,"large":false,"1536x1536":false,"2048x2048":false,"trp-custom-language-flag":false},"uagb_author_info":{"display_name":"hbakka@ciatek.net","author_link":"https:\/\/sdblb.org\/ar\/author\/hbakkaciatek-net\/"},"uagb_comment_info":0,"uagb_excerpt":"Mission et Vision Le SBL est dirig\u00e9 par un Bureau Ex\u00e9cutif d\u00e9di\u00e9, compos\u00e9 de biologistes exp\u00e9riment\u00e9s et passionn\u00e9s, engag\u00e9s \u00e0 r\u00e9aliser la mission du Syndicat. Cette \u00e9quipe comp\u00e9tente, impliqu\u00e9e et [&hellip;]","_links":{"self":[{"href":"https:\/\/sdblb.org\/ar\/wp-json\/wp\/v2\/pages\/247","targetHints":{"allow":["GET"]}}],"collection":[{"href":"https:\/\/sdblb.org\/ar\/wp-json\/wp\/v2\/pages"}],"about":[{"href":"https:\/\/sdblb.org\/ar\/wp-json\/wp\/v2\/types\/page"}],"author":[{"embeddable":true,"href":"https:\/\/sdblb.org\/ar\/wp-json\/wp\/v2\/users\/1"}],"replies":[{"embeddable":true,"href":"https:\/\/sdblb.org\/ar\/wp-json\/wp\/v2\/comments?post=247"}],"version-history":[{"count":28,"href":"https:\/\/sdblb.org\/ar\/wp-json\/wp\/v2\/pages\/247\/revisions"}],"predecessor-version":[{"id":2374,"href":"https:\/\/sdblb.org\/ar\/wp-json\/wp\/v2\/pages\/247\/revisions\/2374"}],"wp:attachment":[{"href":"https:\/\/sdblb.org\/ar\/wp-json\/wp\/v2\/media?parent=247"}],"curies":[{"name":"wp","href":"https:\/\/api.w.org\/{rel}","templated":true}]}}